{"id":71590,"date":"2025-01-28T18:30:31","date_gmt":"2025-01-28T18:30:31","guid":{"rendered":"https:\/\/ottawagolddev.wpenginepowered.com\/?page_id=71590"},"modified":"2026-02-18T06:37:10","modified_gmt":"2026-02-18T14:37:10","slug":"lor","status":"publish","type":"page","link":"https:\/\/calgarygold.ca\/fr\/sell-to-us\/gold\/","title":{"rendered":"Vendre son or"},"content":{"rendered":"<p>[et_pb_section fb_built=&#8221;1&#8243; custom_padding_last_edited=&#8221;on|desktop&#8221; admin_label=&#8221;Section&#8221; _builder_version=&#8221;4.27.4&#8243; _module_preset=&#8221;default&#8221; background_color=&#8221;#032340&#8243; height_tablet=&#8221;&#8221; height_phone=&#8221;&#8221; height_last_edited=&#8221;on|desktop&#8221; custom_padding=&#8221;9px||4px||false|false&#8221; custom_padding_tablet=&#8221;9px||4px||false|false&#8221; custom_padding_phone=&#8221;9px||4px||false|false&#8221; border_color_bottom=&#8221;#D2AE74&#8243; saved_tabs=&#8221;all&#8221; locked=&#8221;off&#8221; collapsed=&#8221;off&#8221; global_colors_info=&#8221;{}&#8221;][et_pb_row make_equal=&#8221;on&#8221; _builder_version=&#8221;4.27.4&#8243; _module_preset=&#8221;default&#8221; custom_padding=&#8221;0px||0px||false|false&#8221; custom_css_main_element=&#8221;display:flex;&#8221; global_colors_info=&#8221;{}&#8221;][et_pb_column type=&#8221;4_4&#8243; _builder_version=&#8221;4.27.4&#8243; _module_preset=&#8221;default&#8221; custom_css_main_element=&#8221;display:flex;||flex-direction:column;||justify-content: center;&#8221; global_colors_info=&#8221;{}&#8221;][et_pb_text admin_label=&#8221;page title&#8221; _builder_version=&#8221;4.27.4&#8243; _dynamic_attributes=&#8221;content&#8221; _module_preset=&#8221;default&#8221; header_font=&#8221;|&#8211;et_global_heading_font_weight||on|||||&#8221; header_text_align=&#8221;center&#8221; header_text_color=&#8221;#FFFFFF&#8221; header_font_size=&#8221;38px&#8221; custom_css_free_form=&#8221;.selector h1 {||  font-weight:400!important;||}&#8221; global_colors_info=&#8221;{}&#8221;]@ET-DC@eyJkeW5hbWljIjp0cnVlLCJjb250ZW50IjoicG9zdF90aXRsZSIsInNldHRpbmdzIjp7ImJlZm9yZSI6IjxoMT4iLCJhZnRlciI6IjwvaDE+In19@[\/et_pb_text][\/et_pb_column][\/et_pb_row][\/et_pb_section][et_pb_section fb_built=&#8221;1&#8243; _builder_version=&#8221;4.27.4&#8243; _module_preset=&#8221;default&#8221; custom_margin=&#8221;||20px||false|false&#8221; custom_padding=&#8221;0px||0px||false|false&#8221; global_module=&#8221;151&#8243; saved_tabs=&#8221;all&#8221; locked=&#8221;off&#8221; global_colors_info=&#8221;{}&#8221;][et_pb_row _builder_version=&#8221;4.27.4&#8243; _module_preset=&#8221;default&#8221; max_width=&#8221;1280px&#8221; custom_padding=&#8221;20px||20px||true|false&#8221; global_colors_info=&#8221;{}&#8221;][et_pb_column type=&#8221;4_4&#8243; _builder_version=&#8221;4.27.4&#8243; _module_preset=&#8221;default&#8221; global_colors_info=&#8221;{}&#8221;][et_pb_text admin_label=&#8221;breadcrumbs&#8221; _builder_version=&#8221;4.27.4&#8243; _module_preset=&#8221;default&#8221; text_font=&#8221;|&#8211;et_global_body_font_weight||on|||||&#8221; text_text_color=&#8221;#0E3E63&#8243; text_font_size=&#8221;14px&#8221; link_font=&#8221;|||on|||||&#8221; link_text_color=&#8221;#000000&#8243; global_colors_info=&#8221;{}&#8221;]<\/p>\n<div data-plaintext=\"true\" data-pm-slice=\"1 1 [&quot;codeblock&quot;,{&quot;style&quot;:null,&quot;codeblock&quot;:true,&quot;textAlign&quot;:null,&quot;syntaxLanguage&quot;:null,&quot;lineWrapping&quot;:false}]\" data-en-clipboard=\"true\"><span><span><a href=\"https:\/\/calgarygold.ca\/\">Home<\/a><\/span><\/span><\/div>\n<p>[\/et_pb_text][\/et_pb_column][\/et_pb_row][\/et_pb_section][et_pb_section fb_built=&#8221;1&#8243; _builder_version=&#8221;4.27.4&#8243; _module_preset=&#8221;default&#8221; custom_margin=&#8221;||||false|false&#8221; custom_padding=&#8221;0px||0px||false|false&#8221; global_colors_info=&#8221;{}&#8221;][et_pb_row column_structure=&#8221;1_2,1_2&#8243; _builder_version=&#8221;4.27.4&#8243; _module_preset=&#8221;default&#8221; max_width=&#8221;1280px&#8221; custom_margin=&#8221;30px||||false|false&#8221; custom_padding=&#8221;0px||20px||false|false&#8221; global_colors_info=&#8221;{}&#8221;][et_pb_column type=&#8221;1_2&#8243; _builder_version=&#8221;4.27.4&#8243; _module_preset=&#8221;default&#8221; global_colors_info=&#8221;{}&#8221;][et_pb_text admin_label=&#8221;heading 2 &#038; 3&#8243; _builder_version=&#8221;4.27.4&#8243; _module_preset=&#8221;default&#8221; text_text_color=&#8221;#000000&#8243; header_2_font=&#8221;|600|||||||&#8221; header_2_font_size=&#8221;36px&#8221; header_3_line_height=&#8221;1.2em&#8221; global_colors_info=&#8221;{}&#8221;]<\/p>\n<h2>Calgary&#8217;s Gold Buyer<\/h2>\n<h3>Two Locations To Serve You, Expert Staff, Free State-Of-The-Art Evaluations And Written Offers To Buy.<\/h3>\n<p>[\/et_pb_text][et_pb_text admin_label=&#8221;intro paragraphs&#8221; _builder_version=&#8221;4.27.4&#8243; _module_preset=&#8221;default&#8221; text_text_color=&#8221;#000000&#8243; header_3_line_height=&#8221;1.2em&#8221; global_colors_info=&#8221;{}&#8221;]<\/p>\n<p>Canada Gold &#8211; Calgary buys gold in the form of jewellery and bullion. Bullion includes coins, ingots, bars and other (usually, but not always) standardized measurements of gold. Some gold bullion is stamped and known as a commodity, just as some pieces of jewellery are stamped with the karat weight of the gold on the item. For all other items, and some where we&#8217;re aware that the stamped mark may be incorrect, we have a variety of testing apparatus to determine both the karat content of the gold (10kt, 14kt, 22kt, etc.) and the weight of the item. With this information, we provide our prospective customers with a written offer based on the current market rate of gold. Simply put, the more gold sells for on the market, the more we pay for your gold.<\/p>\n<p>Our valuations, using modern equipment, are always free.\u00a0And when you receive your offer, there is never any pressure to sell.\u00a0You may decide you wish to keep your items and see if they appreciate depending on the trajectory of the gold market, or you may decide you want to cash out now.\u00a0Either way, we&#8217;re always happy to meet a new gold enthusiast and grateful you came in to get a free valuation.<\/p>\n<p>&nbsp;<\/p>\n<p>[\/et_pb_text][\/et_pb_column][et_pb_column type=&#8221;1_2&#8243; _builder_version=&#8221;4.27.4&#8243; _module_preset=&#8221;default&#8221; background_enable_image=&#8221;off&#8221; custom_padding=&#8221;10px||||false|false&#8221; global_colors_info=&#8221;{}&#8221;][et_pb_text admin_label=&#8221;bullion price table heading&#8221; _builder_version=&#8221;4.27.4&#8243; _module_preset=&#8221;default&#8221; custom_margin=&#8221;||10px||false|false&#8221; global_colors_info=&#8221;{}&#8221;]<\/p>\n<h3>Today&#8217;s Bullion Prices<\/h3>\n<p>[\/et_pb_text][et_pb_code admin_label=&#8221;gold bullion price table %91CODE%93&#8243; _builder_version=&#8221;4.27.4&#8243; _module_preset=&#8221;default&#8221; custom_margin=&#8221;||0px||false|false&#8221; global_colors_info=&#8221;{}&#8221;]<table class=\"cg-table gold\">\n            <thead>\n                <tr>\n                    <th>Gold Bullion<\/th>\n                    <th>Price<\/th>\n                <\/tr>\n            <\/thead>\n            <tbody>\n                <tr>\n                    <td>1 oz Gold Maple Leaf 9999<\/td>\n                    <td>$6,417.32\/coin<\/td>\n                <\/tr>\n                <tr>\n                    <td>1 oz Gold Maple Leaf 9999 (2014 or Later)<\/td>\n                    <td>$6,450.23\/coin<\/td>\n                <\/tr>\n                <tr>\n                    <td>1 oz Gold Maple Leaf Damaged or 999<\/td>\n                    <td>$6,186.96\/coin<\/td>\n                <\/tr>\n                <tr>\n                    <td>Gold Maple Leaf under 1 oz<\/td>\n                    <td>$211.61\/g<\/td>\n                <\/tr>\n                <tr>\n                    <td>1 oz Recognized Gold Bar<\/td>\n                    <td>$6,417.32\/bar<\/td>\n                <\/tr>\n                <tr>\n                    <td>5 oz Recognized Gold Bar<\/td>\n                    <td>$31,428.43\/bar<\/td>\n                <\/tr>\n                <tr>\n                    <td>10 oz Recognized Gold Bar<\/td>\n                    <td>$62,527.77\/bar<\/td>\n                <\/tr>\n                <tr>\n                    <td>Unrecognized Gold Bars<\/td>\n                    <td>$6,022.41\/oz<\/td>\n                <\/tr>\n            <\/tbody>\n        <\/table>[\/et_pb_code][et_pb_code admin_label=&#8221;API Timestamp Shortcode&#8221; _builder_version=&#8221;4.27.4&#8243; _module_preset=&#8221;default&#8221; custom_margin=&#8221;20px||||false|false&#8221; global_module=&#8221;74683&#8243; global_colors_info=&#8221;{}&#8221;]<p class=\"date_updated\">Prices updated as of: <span>04\/10\/2026 06:45 PM EDT<\/span><\/p>[\/et_pb_code][\/et_pb_column][\/et_pb_row][et_pb_row _builder_version=&#8221;4.27.4&#8243; _module_preset=&#8221;default&#8221; max_width=&#8221;1280px&#8221; custom_padding=&#8221;20px||||false|false&#8221; global_colors_info=&#8221;{}&#8221;][et_pb_column type=&#8221;4_4&#8243; _builder_version=&#8221;4.27.4&#8243; _module_preset=&#8221;default&#8221; global_colors_info=&#8221;{}&#8221;][et_pb_text _builder_version=&#8221;4.27.4&#8243; _module_preset=&#8221;default&#8221; link_font=&#8221;|700|||||||&#8221; global_colors_info=&#8221;{}&#8221;]<\/p>\n<h3>Do I Need To Bring In A Large Amount Of Gold?<\/h3>\n<p>Absolutely not.\u00a0You can bring in a single earring, a small gold bracelet or even a gold dental filling.\u00a0The gold we buy, barring a few exceptions, is melted down.\u00a0We&#8217;re happy to purchase a little or a lot, and want our visitors to know that no amount is too small.\u00a0We can measure it and we&#8217;ll make you an offer.<\/p>\n<h3>What If My Gold Jewellery Has Gemstones?\u00a0<\/h3>\n<p>No problem at all.\u00a0For small diamonds below 0.40 carat, we can make you an offer on the spot. For larger diamonds, we can have them graded and make you an offer.\u00a0Alternately, we can delicately remove the gemstones and give them to you, if perhaps you want to retain them for the creation of new jewellery later or if they have sentimental value.\u00a0We also purchase some gemstones, so feel free to bring us your gold gemstone jewellery.<\/p>\n<h3>Do You Buy Rose Gold?<\/h3>\n<p>If it&#8217;s gold, we buy it.\u00a0Yellow gold, white gold and rose gold.\u00a0The amount of non-gold alloys in the gold reduces the karat weight of the gold by content, but it still contains gold.\u00a0\u00a0<\/p>\n<p>&nbsp;<\/p>\n<p>[\/et_pb_text][\/et_pb_column][\/et_pb_row][et_pb_row _builder_version=&#8221;4.27.4&#8243; _module_preset=&#8221;default&#8221; custom_padding=&#8221;0px||0px||false|false&#8221; global_colors_info=&#8221;{}&#8221;][et_pb_column type=&#8221;4_4&#8243; _builder_version=&#8221;4.27.4&#8243; _module_preset=&#8221;default&#8221; global_colors_info=&#8221;{}&#8221;][dipi_divider content_type=&#8221;image&#8221; content_image=&#8221;https:\/\/calgarygold.ca\/wp-content\/uploads\/2025\/01\/Canada-Gold-Leaf-2025.png&#8221; content_width=&#8221;100px&#8221; first_decoration_line_color=&#8221;#0E3E63&#8243; _builder_version=&#8221;4.27.4&#8243; _module_preset=&#8221;default&#8221; global_colors_info=&#8221;{}&#8221;][\/dipi_divider][\/et_pb_column][\/et_pb_row][\/et_pb_section][et_pb_section fb_built=&#8221;1&#8243; _builder_version=&#8221;4.27.4&#8243; _module_preset=&#8221;default&#8221; custom_padding=&#8221;30px||40px||false|false&#8221; global_colors_info=&#8221;{}&#8221;][et_pb_row column_structure=&#8221;1_3,1_3,1_3&#8243; _builder_version=&#8221;4.27.4&#8243; _module_preset=&#8221;default&#8221; max_width=&#8221;1280px&#8221; global_colors_info=&#8221;{}&#8221;][et_pb_column type=&#8221;1_3&#8243; _builder_version=&#8221;4.27.4&#8243; _module_preset=&#8221;default&#8221; global_colors_info=&#8221;{}&#8221;][et_pb_image src=&#8221;https:\/\/calgarygold.ca\/wp-content\/uploads\/2025\/01\/gia-logo-trimmed.png&#8221; alt=&#8221;GIA Logo&#8221; title_text=&#8221;gia-logo-trimmed&#8221; align=&#8221;center&#8221; _builder_version=&#8221;4.27.4&#8243; _module_preset=&#8221;default&#8221; module_alignment=&#8221;center&#8221; height=&#8221;50px&#8221; global_colors_info=&#8221;{}&#8221;][\/et_pb_image][\/et_pb_column][et_pb_column type=&#8221;1_3&#8243; _builder_version=&#8221;4.27.4&#8243; _module_preset=&#8221;default&#8221; global_colors_info=&#8221;{}&#8221;][et_pb_image src=&#8221;https:\/\/calgarygold.ca\/wp-content\/uploads\/2025\/01\/bbb-accredited-business-a-.png&#8221; alt=&#8221;BBB Accredited&#8221; title_text=&#8221;bbb-accredited-business-a-&#8221; align=&#8221;center&#8221; _builder_version=&#8221;4.27.4&#8243; _module_preset=&#8221;default&#8221; module_alignment=&#8221;center&#8221; height=&#8221;50px&#8221; global_colors_info=&#8221;{}&#8221;][\/et_pb_image][\/et_pb_column][et_pb_column type=&#8221;1_3&#8243; _builder_version=&#8221;4.27.4&#8243; _module_preset=&#8221;default&#8221; global_colors_info=&#8221;{}&#8221;][et_pb_image src=&#8221;https:\/\/calgarygold.ca\/wp-content\/uploads\/2025\/01\/Royal_Canadian_Mint_Logo_Canada-Gold_Authorized_Distributor-100h.png&#8221; alt=&#8221;Royal_Canadian_Mint_Logo_Canada-Gold_Authorized_Distributor-100h&#8221; align=&#8221;center&#8221; _builder_version=&#8221;4.27.4&#8243; _module_preset=&#8221;default&#8221; height=&#8221;50px&#8221; global_colors_info=&#8221;{}&#8221;][\/et_pb_image][\/et_pb_column][\/et_pb_row][et_pb_row column_structure=&#8221;1_3,1_3,1_3&#8243; _builder_version=&#8221;4.27.4&#8243; _module_preset=&#8221;default&#8221; max_width=&#8221;1280px&#8221; custom_padding=&#8221;0px||||false|false&#8221; global_colors_info=&#8221;{}&#8221;][et_pb_column type=&#8221;1_3&#8243; _builder_version=&#8221;4.27.4&#8243; _module_preset=&#8221;default&#8221; global_colors_info=&#8221;{}&#8221;][et_pb_text _builder_version=&#8221;4.27.4&#8243; _module_preset=&#8221;default&#8221; hover_enabled=&#8221;0&#8243; global_colors_info=&#8221;{}&#8221; sticky_enabled=&#8221;0&#8243;]<\/p>\n<p>Canada Gold buys diamonds that have been appraised by one of our Gemological Institute of America (GIA) certified gemologists, the leading experts in diamond analysis and grading.<\/p>\n<p>[\/et_pb_text][\/et_pb_column][et_pb_column type=&#8221;1_3&#8243; _builder_version=&#8221;4.27.4&#8243; _module_preset=&#8221;default&#8221; global_colors_info=&#8221;{}&#8221;][et_pb_text _builder_version=&#8221;4.27.4&#8243; _module_preset=&#8221;default&#8221; global_colors_info=&#8221;{}&#8221;]<\/p>\n<p>Canada Gold is proudly accredited through the Better Business Bureau. This shows our commitment to providing superior customer service every time you visit.<\/p>\n<p>[\/et_pb_text][\/et_pb_column][et_pb_column type=&#8221;1_3&#8243; _builder_version=&#8221;4.27.4&#8243; _module_preset=&#8221;default&#8221; global_colors_info=&#8221;{}&#8221;][et_pb_text _builder_version=&#8221;4.27.4&#8243; _module_preset=&#8221;default&#8221; global_colors_info=&#8221;{}&#8221;]<\/p>\n<p>Canada Gold is proud to be an authorized DNA dealer for the Royal Canadian Mint. We are able to instantly authenticate any registered mint coins.<\/p>\n<p>[\/et_pb_text][\/et_pb_column][\/et_pb_row][\/et_pb_section]<\/p>\n","protected":false},"excerpt":{"rendered":"<p><span><span><a href=\"https:\/\/calgarygold.ca\/\">Home<\/a><\/span><\/span>Calgary&#8217;s Gold Buyer Two Locations To Serve You, Expert Staff, Free State-Of-The-Art Evaluations And Written Offers To Buy.Canada Gold &#8211; Calgary buys gold in the form of jewellery and bullion. Bullion includes coins, ingots, bars and other (usually, but not always) standardized measurements of gold. Some gold bullion is stamped and known as a commodity, [&hellip;]<\/p>\n","protected":false},"author":1,"featured_media":0,"parent":71260,"menu_order":0,"comment_status":"closed","ping_status":"closed","template":"","meta":{"_acf_changed":false,"_et_pb_use_builder":"on","_et_pb_old_content":"","_et_gb_content_width":"","footnotes":""},"class_list":["post-71590","page","type-page","status-publish","hentry"],"acf":[],"yoast_head":"<!-- This site is optimized with the Yoast SEO plugin v27.3 - https:\/\/yoast.com\/product\/yoast-seo-wordpress\/ -->\n<title>Sell Your Gold - Calgary Gold<\/title>\n<meta name=\"description\" content=\"Do you have gold bullion to sell? We offer the guaranteed best price on coins, ingots and bars with a no-obligation evaluation.\" \/>\n<meta name=\"robots\" content=\"index, follow, max-snippet:-1, max-image-preview:large, max-video-preview:-1\" \/>\n<link rel=\"canonical\" href=\"https:\/\/calgarygold.ca\/fr\/sell-to-us\/lor\/\" \/>\n<meta property=\"og:locale\" content=\"fr_CA\" \/>\n<meta property=\"og:type\" content=\"article\" \/>\n<meta property=\"og:title\" content=\"Sell Your Gold - Calgary Gold\" \/>\n<meta property=\"og:description\" content=\"Do you have gold bullion to sell? We offer the guaranteed best price on coins, ingots and bars with a no-obligation evaluation.\" \/>\n<meta property=\"og:url\" content=\"https:\/\/calgarygold.ca\/fr\/sell-to-us\/lor\/\" \/>\n<meta property=\"og:site_name\" content=\"Calgary Gold\" \/>\n<meta property=\"article:publisher\" content=\"https:\/\/www.facebook.com\/CanadaGoldBBB\" \/>\n<meta property=\"article:modified_time\" content=\"2026-02-18T14:37:10+00:00\" \/>\n<meta property=\"og:image\" content=\"https:\/\/calgarygold.ca\/wp-content\/uploads\/2025\/09\/Canada-Gold-Regional-Web-Logo-Navy-With-White-Background_Calgary.png\" \/>\n\t<meta property=\"og:image:width\" content=\"879\" \/>\n\t<meta property=\"og:image:height\" content=\"156\" \/>\n\t<meta property=\"og:image:type\" content=\"image\/png\" \/>\n<meta name=\"twitter:card\" content=\"summary_large_image\" \/>\n<meta name=\"twitter:site\" content=\"@CanadaGoldBBB\" \/>\n<meta name=\"twitter:label1\" content=\"Estimation du temps de lecture\" \/>\n\t<meta name=\"twitter:data1\" content=\"4 minutes\" \/>\n<script type=\"application\/ld+json\" class=\"yoast-schema-graph\">{\"@context\":\"https:\\\/\\\/schema.org\",\"@graph\":[{\"@type\":\"WebPage\",\"@id\":\"https:\\\/\\\/calgarygold.ca\\\/sell-to-us\\\/gold\\\/\",\"url\":\"https:\\\/\\\/calgarygold.ca\\\/sell-to-us\\\/gold\\\/\",\"name\":\"Sell Your Gold - Calgary Gold\",\"isPartOf\":{\"@id\":\"https:\\\/\\\/calgarygold.ca\\\/#website\"},\"datePublished\":\"2025-01-28T18:30:31+00:00\",\"dateModified\":\"2026-02-18T14:37:10+00:00\",\"description\":\"Do you have gold bullion to sell? We offer the guaranteed best price on coins, ingots and bars with a no-obligation evaluation.\",\"breadcrumb\":{\"@id\":\"https:\\\/\\\/calgarygold.ca\\\/sell-to-us\\\/gold\\\/#breadcrumb\"},\"inLanguage\":\"fr-CA\",\"potentialAction\":[{\"@type\":\"ReadAction\",\"target\":[\"https:\\\/\\\/calgarygold.ca\\\/sell-to-us\\\/gold\\\/\"]}]},{\"@type\":\"BreadcrumbList\",\"@id\":\"https:\\\/\\\/calgarygold.ca\\\/sell-to-us\\\/gold\\\/#breadcrumb\",\"itemListElement\":[{\"@type\":\"ListItem\",\"position\":1,\"name\":\"Home\",\"item\":\"https:\\\/\\\/calgarygold.ca\\\/\"},{\"@type\":\"ListItem\",\"position\":2,\"name\":\"Sell to Us\",\"item\":\"https:\\\/\\\/calgarygold.ca\\\/sell-to-us\\\/\"},{\"@type\":\"ListItem\",\"position\":3,\"name\":\"Sell Your Gold\"}]},{\"@type\":\"WebSite\",\"@id\":\"https:\\\/\\\/calgarygold.ca\\\/#website\",\"url\":\"https:\\\/\\\/calgarygold.ca\\\/\",\"name\":\"Calgary Gold\",\"description\":\"A Division of Canada Gold\",\"publisher\":{\"@id\":\"https:\\\/\\\/calgarygold.ca\\\/#organization\"},\"potentialAction\":[{\"@type\":\"SearchAction\",\"target\":{\"@type\":\"EntryPoint\",\"urlTemplate\":\"https:\\\/\\\/calgarygold.ca\\\/?s={search_term_string}\"},\"query-input\":{\"@type\":\"PropertyValueSpecification\",\"valueRequired\":true,\"valueName\":\"search_term_string\"}}],\"inLanguage\":\"fr-CA\"},{\"@type\":\"Organization\",\"@id\":\"https:\\\/\\\/calgarygold.ca\\\/#organization\",\"name\":\"Calgary Gold\",\"url\":\"https:\\\/\\\/calgarygold.ca\\\/\",\"logo\":{\"@type\":\"ImageObject\",\"inLanguage\":\"fr-CA\",\"@id\":\"https:\\\/\\\/calgarygold.ca\\\/#\\\/schema\\\/logo\\\/image\\\/\",\"url\":\"https:\\\/\\\/calgarygold.ca\\\/wp-content\\\/uploads\\\/2025\\\/01\\\/cropped-favicon.png\",\"contentUrl\":\"https:\\\/\\\/calgarygold.ca\\\/wp-content\\\/uploads\\\/2025\\\/01\\\/cropped-favicon.png\",\"width\":512,\"height\":512,\"caption\":\"Calgary Gold\"},\"image\":{\"@id\":\"https:\\\/\\\/calgarygold.ca\\\/#\\\/schema\\\/logo\\\/image\\\/\"},\"sameAs\":[\"https:\\\/\\\/www.facebook.com\\\/CanadaGoldBBB\",\"https:\\\/\\\/x.com\\\/CanadaGoldBBB\",\"https:\\\/\\\/www.instagram.com\\\/calgarygold.ca\\\/\"]}]}<\/script>\n<!-- \/ Yoast SEO plugin. -->","yoast_head_json":{"title":"Vendre votre or - Calgary Gold","description":"Vous avez des lingots d'or \u00e0 vendre ? Nous offrons le meilleur prix garanti pour les pi\u00e8ces, les lingots et les barres avec une \u00e9valuation sans obligation.","robots":{"index":"index","follow":"follow","max-snippet":"max-snippet:-1","max-image-preview":"max-image-preview:large","max-video-preview":"max-video-preview:-1"},"canonical":"https:\/\/calgarygold.ca\/fr\/sell-to-us\/lor\/","og_locale":"fr_CA","og_type":"article","og_title":"Sell Your Gold - Calgary Gold","og_description":"Do you have gold bullion to sell? We offer the guaranteed best price on coins, ingots and bars with a no-obligation evaluation.","og_url":"https:\/\/calgarygold.ca\/fr\/sell-to-us\/lor\/","og_site_name":"Calgary Gold","article_publisher":"https:\/\/www.facebook.com\/CanadaGoldBBB","article_modified_time":"2026-02-18T14:37:10+00:00","og_image":[{"width":879,"height":156,"url":"https:\/\/calgarygold.ca\/wp-content\/uploads\/2025\/09\/Canada-Gold-Regional-Web-Logo-Navy-With-White-Background_Calgary.png","type":"image\/png"}],"twitter_card":"summary_large_image","twitter_site":"@CanadaGoldBBB","twitter_misc":{"Estimation du temps de lecture":"4 minutes"},"schema":{"@context":"https:\/\/schema.org","@graph":[{"@type":"WebPage","@id":"https:\/\/calgarygold.ca\/sell-to-us\/gold\/","url":"https:\/\/calgarygold.ca\/sell-to-us\/gold\/","name":"Vendre votre or - Calgary Gold","isPartOf":{"@id":"https:\/\/calgarygold.ca\/#website"},"datePublished":"2025-01-28T18:30:31+00:00","dateModified":"2026-02-18T14:37:10+00:00","description":"Vous avez des lingots d'or \u00e0 vendre ? Nous offrons le meilleur prix garanti pour les pi\u00e8ces, les lingots et les barres avec une \u00e9valuation sans obligation.","breadcrumb":{"@id":"https:\/\/calgarygold.ca\/sell-to-us\/gold\/#breadcrumb"},"inLanguage":"fr-CA","potentialAction":[{"@type":"ReadAction","target":["https:\/\/calgarygold.ca\/sell-to-us\/gold\/"]}]},{"@type":"BreadcrumbList","@id":"https:\/\/calgarygold.ca\/sell-to-us\/gold\/#breadcrumb","itemListElement":[{"@type":"ListItem","position":1,"name":"Home","item":"https:\/\/calgarygold.ca\/"},{"@type":"ListItem","position":2,"name":"Sell to Us","item":"https:\/\/calgarygold.ca\/sell-to-us\/"},{"@type":"ListItem","position":3,"name":"Sell Your Gold"}]},{"@type":"WebSite","@id":"https:\/\/calgarygold.ca\/#website","url":"https:\/\/calgarygold.ca\/","name":"Calgary Gold","description":"Une division de Canada Gold","publisher":{"@id":"https:\/\/calgarygold.ca\/#organization"},"potentialAction":[{"@type":"SearchAction","target":{"@type":"EntryPoint","urlTemplate":"https:\/\/calgarygold.ca\/?s={search_term_string}"},"query-input":{"@type":"PropertyValueSpecification","valueRequired":true,"valueName":"search_term_string"}}],"inLanguage":"fr-CA"},{"@type":"Organization","@id":"https:\/\/calgarygold.ca\/#organization","name":"Calgary Gold","url":"https:\/\/calgarygold.ca\/","logo":{"@type":"ImageObject","inLanguage":"fr-CA","@id":"https:\/\/calgarygold.ca\/#\/schema\/logo\/image\/","url":"https:\/\/calgarygold.ca\/wp-content\/uploads\/2025\/01\/cropped-favicon.png","contentUrl":"https:\/\/calgarygold.ca\/wp-content\/uploads\/2025\/01\/cropped-favicon.png","width":512,"height":512,"caption":"Calgary Gold"},"image":{"@id":"https:\/\/calgarygold.ca\/#\/schema\/logo\/image\/"},"sameAs":["https:\/\/www.facebook.com\/CanadaGoldBBB","https:\/\/x.com\/CanadaGoldBBB","https:\/\/www.instagram.com\/calgarygold.ca\/"]}]}},"_links":{"self":[{"href":"https:\/\/calgarygold.ca\/fr\/wp-json\/wp\/v2\/pages\/71590","targetHints":{"allow":["GET"]}}],"collection":[{"href":"https:\/\/calgarygold.ca\/fr\/wp-json\/wp\/v2\/pages"}],"about":[{"href":"https:\/\/calgarygold.ca\/fr\/wp-json\/wp\/v2\/types\/page"}],"author":[{"embeddable":true,"href":"https:\/\/calgarygold.ca\/fr\/wp-json\/wp\/v2\/users\/1"}],"replies":[{"embeddable":true,"href":"https:\/\/calgarygold.ca\/fr\/wp-json\/wp\/v2\/comments?post=71590"}],"version-history":[{"count":0,"href":"https:\/\/calgarygold.ca\/fr\/wp-json\/wp\/v2\/pages\/71590\/revisions"}],"up":[{"embeddable":true,"href":"https:\/\/calgarygold.ca\/fr\/wp-json\/wp\/v2\/pages\/71260"}],"wp:attachment":[{"href":"https:\/\/calgarygold.ca\/fr\/wp-json\/wp\/v2\/media?parent=71590"}],"curies":[{"name":"wp","href":"https:\/\/api.w.org\/{rel}","templated":true}]}}