{"id":185,"date":"2025-01-23T14:33:16","date_gmt":"2025-01-23T14:33:16","guid":{"rendered":"https:\/\/ottawagolddev.wpenginepowered.com\/?page_id=185"},"modified":"2026-01-02T07:43:22","modified_gmt":"2026-01-02T15:43:22","slug":"buy-from-us","status":"publish","type":"page","link":"https:\/\/calgarygold.ca\/fr\/buy-from-us\/","title":{"rendered":"Acheter chez nous"},"content":{"rendered":"<p>[et_pb_section fb_built=&#8221;1&#8243; custom_padding_last_edited=&#8221;on|desktop&#8221; admin_label=&#8221;Section&#8221; _builder_version=&#8221;4.27.4&#8243; _module_preset=&#8221;default&#8221; background_color=&#8221;#032340&#8243; height_tablet=&#8221;&#8221; height_phone=&#8221;&#8221; height_last_edited=&#8221;on|desktop&#8221; custom_padding=&#8221;9px||4px||false|false&#8221; custom_padding_tablet=&#8221;9px||4px||false|false&#8221; custom_padding_phone=&#8221;9px||4px||false|false&#8221; border_color_bottom=&#8221;#D2AE74&#8243; global_module=&#8221;73382&#8243; saved_tabs=&#8221;all&#8221; locked=&#8221;off&#8221; collapsed=&#8221;off&#8221; global_colors_info=&#8221;{}&#8221;][et_pb_row make_equal=&#8221;on&#8221; _builder_version=&#8221;4.27.4&#8243; _module_preset=&#8221;default&#8221; custom_padding=&#8221;0px||0px||false|false&#8221; custom_css_main_element=&#8221;display:flex;&#8221; global_colors_info=&#8221;{}&#8221;][et_pb_column type=&#8221;4_4&#8243; _builder_version=&#8221;4.27.4&#8243; _module_preset=&#8221;default&#8221; custom_css_main_element=&#8221;display:flex;||flex-direction:column;||justify-content: center;&#8221; global_colors_info=&#8221;{}&#8221;][et_pb_text admin_label=&#8221;Page heading&#8221; _builder_version=&#8221;4.27.4&#8243; _dynamic_attributes=&#8221;content&#8221; _module_preset=&#8221;default&#8221; header_font=&#8221;|&#8211;et_global_heading_font_weight||on|||||&#8221; header_text_align=&#8221;center&#8221; header_text_color=&#8221;#FFFFFF&#8221; header_font_size=&#8221;38px&#8221; custom_css_free_form=&#8221;.selector h1 {||  font-weight:400!important;||}&#8221; global_colors_info=&#8221;{}&#8221;]@ET-DC@eyJkeW5hbWljIjp0cnVlLCJjb250ZW50IjoicG9zdF90aXRsZSIsInNldHRpbmdzIjp7ImJlZm9yZSI6IjxoMT4iLCJhZnRlciI6IjwvaDE+In19@[\/et_pb_text][\/et_pb_column][\/et_pb_row][\/et_pb_section][et_pb_section fb_built=&#8221;1&#8243; _builder_version=&#8221;4.27.4&#8243; _module_preset=&#8221;default&#8221; custom_margin=&#8221;||20px||false|false&#8221; custom_padding=&#8221;0px||0px||false|false&#8221; global_module=&#8221;151&#8243; saved_tabs=&#8221;all&#8221; locked=&#8221;off&#8221; global_colors_info=&#8221;{}&#8221;][et_pb_row _builder_version=&#8221;4.27.4&#8243; _module_preset=&#8221;default&#8221; max_width=&#8221;1280px&#8221; custom_padding=&#8221;20px||20px||true|false&#8221; global_colors_info=&#8221;{}&#8221;][et_pb_column type=&#8221;4_4&#8243; _builder_version=&#8221;4.27.4&#8243; _module_preset=&#8221;default&#8221; global_colors_info=&#8221;{}&#8221;][et_pb_text admin_label=&#8221;breadcrumbs&#8221; _builder_version=&#8221;4.27.4&#8243; _module_preset=&#8221;default&#8221; text_font=&#8221;|&#8211;et_global_body_font_weight||on|||||&#8221; text_text_color=&#8221;#0E3E63&#8243; text_font_size=&#8221;14px&#8221; link_font=&#8221;|||on|||||&#8221; link_text_color=&#8221;#000000&#8243; global_colors_info=&#8221;{}&#8221;]<\/p>\n<div data-plaintext=\"true\" data-pm-slice=\"1 1 [&quot;codeblock&quot;,{&quot;style&quot;:null,&quot;codeblock&quot;:true,&quot;textAlign&quot;:null,&quot;syntaxLanguage&quot;:null,&quot;lineWrapping&quot;:false}]\" data-en-clipboard=\"true\"><span><span><a href=\"https:\/\/calgarygold.ca\/\">Home<\/a><\/span><\/span><\/div>\n<p>[\/et_pb_text][\/et_pb_column][\/et_pb_row][\/et_pb_section][et_pb_section fb_built=&#8221;1&#8243; _builder_version=&#8221;4.27.4&#8243; _module_preset=&#8221;default&#8221; custom_padding=&#8221;0px||0px||false|false&#8221; global_colors_info=&#8221;{}&#8221;][et_pb_row _builder_version=&#8221;4.27.4&#8243; _module_preset=&#8221;default&#8221; max_width=&#8221;1280px&#8221; custom_margin=&#8221;||0px||false|false&#8221; custom_padding=&#8221;0px||0px||false|false&#8221; global_colors_info=&#8221;{}&#8221;][et_pb_column type=&#8221;4_4&#8243; _builder_version=&#8221;4.27.4&#8243; _module_preset=&#8221;default&#8221; global_colors_info=&#8221;{}&#8221;][et_pb_text admin_label=&#8221;heading 2&#8243; _builder_version=&#8221;4.27.4&#8243; _module_preset=&#8221;default&#8221; text_text_color=&#8221;#000000&#8243; header_2_font=&#8221;|&#8211;et_global_heading_font_weight|||||||&#8221; header_2_font_size=&#8221;36px&#8221; header_3_line_height=&#8221;1.2em&#8221; custom_margin=&#8221;||0px||false|false&#8221; custom_padding=&#8221;||0px||false|false&#8221; custom_css_free_form=&#8221; &#8221; global_colors_info=&#8221;{}&#8221;]<\/p>\n<h2>Calgary&#8217;s Best Deals on Physical Gold and Silver<\/h2>\n<p>&nbsp;<\/p>\n<p>[\/et_pb_text][\/et_pb_column][\/et_pb_row][et_pb_row column_structure=&#8221;3_5,2_5&#8243; _builder_version=&#8221;4.27.4&#8243; _module_preset=&#8221;default&#8221; max_width=&#8221;1280px&#8221; custom_padding=&#8221;0px||0px||false|false&#8221; global_colors_info=&#8221;{}&#8221;][et_pb_column type=&#8221;3_5&#8243; _builder_version=&#8221;4.27.4&#8243; _module_preset=&#8221;default&#8221; global_colors_info=&#8221;{}&#8221;][et_pb_text _builder_version=&#8221;4.27.4&#8243; _module_preset=&#8221;default&#8221; text_text_color=&#8221;#000000&#8243; header_3_line_height=&#8221;1.2em&#8221; hover_enabled=&#8221;0&#8243; global_colors_info=&#8221;{}&#8221; sticky_enabled=&#8221;0&#8243;]<\/p>\n<p>Buying precious metals is a wise decision for a variety of reasons. As an investment, holding physical gold and silver is an exceptional safety net and a hedge against inflation. It&#8217;s not a commodity held electronically, but rather something you possess, ready to be used when you need it and not subjected to when (or if) you can cash it in. <a href=\"https:\/\/calgarygold.ca\/buy-from-us\/bullion\/\"><strong>Find our current market based pricing on precious metals here.<\/strong><\/a><\/p>\n<p>You have several choices when buying gold and silver in Calgary, but ask yourself, &#8220;Does the place I want to purchase precious metals specialize in gold and silver?&#8221; Buying at Canada Gold &#8211; Calgary is not like making a purchase at many gold dealers, who often sell jewellery as their primary business model with bullion almost an afterthought. We buy scrap gold, silver and platinum but we only sell gold, silver and platinum bullion.<\/p>\n<p>In addition to our two locations in Calgary, we have several stores across Canada. Our ability to handle volume means our pricing is highly competitive and our selection is stellar. We&#8217;re an authorized retailer for the Royal Canadian Mint but also carry stamped, verified bullion from other countries as well.<\/p>\n<p>Add to this our BBB Accreditation, our expertly trained staff and our commitment to superior customer service and the choice becomes clear. If you&#8217;re in the market for bullion, Canada Gold simply offers more. We want to make you a customer for life, so we hope you&#8217;ll stop by either of our Calgary locations and give us the opportunity to earn your business and your trust.<\/p>\n<p>&nbsp;<\/p>\n<p>&nbsp;<\/p>\n<p>&nbsp;<\/p>\n<p>&nbsp;<\/p>\n<p>[\/et_pb_text][\/et_pb_column][et_pb_column type=&#8221;2_5&#8243; _builder_version=&#8221;4.27.4&#8243; _module_preset=&#8221;default&#8221; global_colors_info=&#8221;{}&#8221;][et_pb_image src=&#8221;https:\/\/calgarygold.ca\/wp-content\/uploads\/2025\/09\/Temp-408_3000px-scaled.jpg&#8221; alt=&#8221;Buy Gold and Silver&#8221; title_text=&#8221;Temp-408_3000px&#8221; _builder_version=&#8221;4.27.4&#8243; _module_preset=&#8221;default&#8221; global_colors_info=&#8221;{}&#8221;][\/et_pb_image][\/et_pb_column][\/et_pb_row][\/et_pb_section]<\/p>\n","protected":false},"excerpt":{"rendered":"<p><span><span><a href=\"https:\/\/calgarygold.ca\/\">Home<\/a><\/span><\/span>Calgary&#8217;s Best Deals on Physical Gold and Silver &nbsp;Buying precious metals is a wise decision for a variety of reasons. As an investment, holding physical gold and silver is an exceptional safety net and a hedge against inflation. It&#8217;s not a commodity held electronically, but rather something you possess, ready to be used when you [&hellip;]<\/p>\n","protected":false},"author":1,"featured_media":0,"parent":0,"menu_order":0,"comment_status":"closed","ping_status":"closed","template":"","meta":{"_acf_changed":false,"_et_pb_use_builder":"on","_et_pb_old_content":"","_et_gb_content_width":"","footnotes":""},"class_list":["post-185","page","type-page","status-publish","hentry"],"acf":[],"yoast_head":"<!-- This site is optimized with the Yoast SEO plugin v27.3 - https:\/\/yoast.com\/product\/yoast-seo-wordpress\/ -->\n<title>Purchase Physical Bullion - Calgary Gold<\/title>\n<meta name=\"description\" content=\"Canada Gold is your local gold &amp; silver bullion dealer, with an ample selection of bars, ingots and coins from the RCM and around the world.\" \/>\n<meta name=\"robots\" content=\"index, follow, max-snippet:-1, max-image-preview:large, max-video-preview:-1\" \/>\n<link rel=\"canonical\" href=\"https:\/\/calgarygold.ca\/fr\/buy-from-us\/\" \/>\n<meta property=\"og:locale\" content=\"fr_CA\" \/>\n<meta property=\"og:type\" content=\"article\" \/>\n<meta property=\"og:title\" content=\"Purchase Physical Bullion - Calgary Gold\" \/>\n<meta property=\"og:description\" content=\"Canada Gold is your local gold &amp; silver bullion dealer, with an ample selection of bars, ingots and coins from the RCM and around the world.\" \/>\n<meta property=\"og:url\" content=\"https:\/\/calgarygold.ca\/fr\/buy-from-us\/\" \/>\n<meta property=\"og:site_name\" content=\"Calgary Gold\" \/>\n<meta property=\"article:publisher\" content=\"https:\/\/www.facebook.com\/CanadaGoldBBB\" \/>\n<meta property=\"article:modified_time\" content=\"2026-01-02T15:43:22+00:00\" \/>\n<meta property=\"og:image\" content=\"https:\/\/calgarygold.ca\/wp-content\/uploads\/2025\/09\/Canada-Gold-Regional-Web-Logo-Navy-With-White-Background_Calgary.png\" \/>\n\t<meta property=\"og:image:width\" content=\"879\" \/>\n\t<meta property=\"og:image:height\" content=\"156\" \/>\n\t<meta property=\"og:image:type\" content=\"image\/png\" \/>\n<meta name=\"twitter:card\" content=\"summary_large_image\" \/>\n<meta name=\"twitter:site\" content=\"@CanadaGoldBBB\" \/>\n<meta name=\"twitter:label1\" content=\"Estimation du temps de lecture\" \/>\n\t<meta name=\"twitter:data1\" content=\"2 minutes\" \/>\n<script type=\"application\/ld+json\" class=\"yoast-schema-graph\">{\"@context\":\"https:\\\/\\\/schema.org\",\"@graph\":[{\"@type\":\"WebPage\",\"@id\":\"https:\\\/\\\/calgarygold.ca\\\/buy-from-us\\\/\",\"url\":\"https:\\\/\\\/calgarygold.ca\\\/buy-from-us\\\/\",\"name\":\"Purchase Physical Bullion - Calgary Gold\",\"isPartOf\":{\"@id\":\"https:\\\/\\\/calgarygold.ca\\\/#website\"},\"datePublished\":\"2025-01-23T14:33:16+00:00\",\"dateModified\":\"2026-01-02T15:43:22+00:00\",\"description\":\"Canada Gold is your local gold & silver bullion dealer, with an ample selection of bars, ingots and coins from the RCM and around the world.\",\"breadcrumb\":{\"@id\":\"https:\\\/\\\/calgarygold.ca\\\/buy-from-us\\\/#breadcrumb\"},\"inLanguage\":\"fr-CA\",\"potentialAction\":[{\"@type\":\"ReadAction\",\"target\":[\"https:\\\/\\\/calgarygold.ca\\\/buy-from-us\\\/\"]}]},{\"@type\":\"BreadcrumbList\",\"@id\":\"https:\\\/\\\/calgarygold.ca\\\/buy-from-us\\\/#breadcrumb\",\"itemListElement\":[{\"@type\":\"ListItem\",\"position\":1,\"name\":\"Home\",\"item\":\"https:\\\/\\\/calgarygold.ca\\\/\"},{\"@type\":\"ListItem\",\"position\":2,\"name\":\"Buy From Us\"}]},{\"@type\":\"WebSite\",\"@id\":\"https:\\\/\\\/calgarygold.ca\\\/#website\",\"url\":\"https:\\\/\\\/calgarygold.ca\\\/\",\"name\":\"Calgary Gold\",\"description\":\"A Division of Canada Gold\",\"publisher\":{\"@id\":\"https:\\\/\\\/calgarygold.ca\\\/#organization\"},\"potentialAction\":[{\"@type\":\"SearchAction\",\"target\":{\"@type\":\"EntryPoint\",\"urlTemplate\":\"https:\\\/\\\/calgarygold.ca\\\/?s={search_term_string}\"},\"query-input\":{\"@type\":\"PropertyValueSpecification\",\"valueRequired\":true,\"valueName\":\"search_term_string\"}}],\"inLanguage\":\"fr-CA\"},{\"@type\":\"Organization\",\"@id\":\"https:\\\/\\\/calgarygold.ca\\\/#organization\",\"name\":\"Calgary Gold\",\"url\":\"https:\\\/\\\/calgarygold.ca\\\/\",\"logo\":{\"@type\":\"ImageObject\",\"inLanguage\":\"fr-CA\",\"@id\":\"https:\\\/\\\/calgarygold.ca\\\/#\\\/schema\\\/logo\\\/image\\\/\",\"url\":\"https:\\\/\\\/calgarygold.ca\\\/wp-content\\\/uploads\\\/2025\\\/01\\\/cropped-favicon.png\",\"contentUrl\":\"https:\\\/\\\/calgarygold.ca\\\/wp-content\\\/uploads\\\/2025\\\/01\\\/cropped-favicon.png\",\"width\":512,\"height\":512,\"caption\":\"Calgary Gold\"},\"image\":{\"@id\":\"https:\\\/\\\/calgarygold.ca\\\/#\\\/schema\\\/logo\\\/image\\\/\"},\"sameAs\":[\"https:\\\/\\\/www.facebook.com\\\/CanadaGoldBBB\",\"https:\\\/\\\/x.com\\\/CanadaGoldBBB\",\"https:\\\/\\\/www.instagram.com\\\/calgarygold.ca\\\/\"]}]}<\/script>\n<!-- \/ Yoast SEO plugin. -->","yoast_head_json":{"title":"Achat de lingots physiques - Calgary Gold","description":"Canada Gold est votre n\u00e9gociant local de lingots d'or et d'argent, avec une vaste s\u00e9lection de barres, de lingots et de pi\u00e8ces de monnaie de la MRC et du monde entier.","robots":{"index":"index","follow":"follow","max-snippet":"max-snippet:-1","max-image-preview":"max-image-preview:large","max-video-preview":"max-video-preview:-1"},"canonical":"https:\/\/calgarygold.ca\/fr\/buy-from-us\/","og_locale":"fr_CA","og_type":"article","og_title":"Purchase Physical Bullion - Calgary Gold","og_description":"Canada Gold is your local gold & silver bullion dealer, with an ample selection of bars, ingots and coins from the RCM and around the world.","og_url":"https:\/\/calgarygold.ca\/fr\/buy-from-us\/","og_site_name":"Calgary Gold","article_publisher":"https:\/\/www.facebook.com\/CanadaGoldBBB","article_modified_time":"2026-01-02T15:43:22+00:00","og_image":[{"width":879,"height":156,"url":"https:\/\/calgarygold.ca\/wp-content\/uploads\/2025\/09\/Canada-Gold-Regional-Web-Logo-Navy-With-White-Background_Calgary.png","type":"image\/png"}],"twitter_card":"summary_large_image","twitter_site":"@CanadaGoldBBB","twitter_misc":{"Estimation du temps de lecture":"2 minutes"},"schema":{"@context":"https:\/\/schema.org","@graph":[{"@type":"WebPage","@id":"https:\/\/calgarygold.ca\/buy-from-us\/","url":"https:\/\/calgarygold.ca\/buy-from-us\/","name":"Achat de lingots physiques - Calgary Gold","isPartOf":{"@id":"https:\/\/calgarygold.ca\/#website"},"datePublished":"2025-01-23T14:33:16+00:00","dateModified":"2026-01-02T15:43:22+00:00","description":"Canada Gold est votre n\u00e9gociant local de lingots d'or et d'argent, avec une vaste s\u00e9lection de barres, de lingots et de pi\u00e8ces de monnaie de la MRC et du monde entier.","breadcrumb":{"@id":"https:\/\/calgarygold.ca\/buy-from-us\/#breadcrumb"},"inLanguage":"fr-CA","potentialAction":[{"@type":"ReadAction","target":["https:\/\/calgarygold.ca\/buy-from-us\/"]}]},{"@type":"BreadcrumbList","@id":"https:\/\/calgarygold.ca\/buy-from-us\/#breadcrumb","itemListElement":[{"@type":"ListItem","position":1,"name":"Home","item":"https:\/\/calgarygold.ca\/"},{"@type":"ListItem","position":2,"name":"Buy From Us"}]},{"@type":"WebSite","@id":"https:\/\/calgarygold.ca\/#website","url":"https:\/\/calgarygold.ca\/","name":"Calgary Gold","description":"Une division de Canada Gold","publisher":{"@id":"https:\/\/calgarygold.ca\/#organization"},"potentialAction":[{"@type":"SearchAction","target":{"@type":"EntryPoint","urlTemplate":"https:\/\/calgarygold.ca\/?s={search_term_string}"},"query-input":{"@type":"PropertyValueSpecification","valueRequired":true,"valueName":"search_term_string"}}],"inLanguage":"fr-CA"},{"@type":"Organization","@id":"https:\/\/calgarygold.ca\/#organization","name":"Calgary Gold","url":"https:\/\/calgarygold.ca\/","logo":{"@type":"ImageObject","inLanguage":"fr-CA","@id":"https:\/\/calgarygold.ca\/#\/schema\/logo\/image\/","url":"https:\/\/calgarygold.ca\/wp-content\/uploads\/2025\/01\/cropped-favicon.png","contentUrl":"https:\/\/calgarygold.ca\/wp-content\/uploads\/2025\/01\/cropped-favicon.png","width":512,"height":512,"caption":"Calgary Gold"},"image":{"@id":"https:\/\/calgarygold.ca\/#\/schema\/logo\/image\/"},"sameAs":["https:\/\/www.facebook.com\/CanadaGoldBBB","https:\/\/x.com\/CanadaGoldBBB","https:\/\/www.instagram.com\/calgarygold.ca\/"]}]}},"_links":{"self":[{"href":"https:\/\/calgarygold.ca\/fr\/wp-json\/wp\/v2\/pages\/185","targetHints":{"allow":["GET"]}}],"collection":[{"href":"https:\/\/calgarygold.ca\/fr\/wp-json\/wp\/v2\/pages"}],"about":[{"href":"https:\/\/calgarygold.ca\/fr\/wp-json\/wp\/v2\/types\/page"}],"author":[{"embeddable":true,"href":"https:\/\/calgarygold.ca\/fr\/wp-json\/wp\/v2\/users\/1"}],"replies":[{"embeddable":true,"href":"https:\/\/calgarygold.ca\/fr\/wp-json\/wp\/v2\/comments?post=185"}],"version-history":[{"count":0,"href":"https:\/\/calgarygold.ca\/fr\/wp-json\/wp\/v2\/pages\/185\/revisions"}],"wp:attachment":[{"href":"https:\/\/calgarygold.ca\/fr\/wp-json\/wp\/v2\/media?parent=185"}],"curies":[{"name":"wp","href":"https:\/\/api.w.org\/{rel}","templated":true}]}}